{"id":767,"date":"2024-03-04T16:57:20","date_gmt":"2024-03-04T16:57:20","guid":{"rendered":"https:\/\/sfdi2024sport.parisnanterre.fr\/?post_type=product&#038;p=767"},"modified":"2024-05-30T13:12:55","modified_gmt":"2024-05-30T13:12:55","slug":"diner-de-gala-croisiere-sur-la-seine-nombre-de-places-limite","status":"publish","type":"product","link":"https:\/\/sfdi2024sport.parisnanterre.fr\/index.php\/product\/diner-de-gala-croisiere-sur-la-seine-nombre-de-places-limite\/","title":{"rendered":"D\u00eener de Gala &#8211; jeudi 30 mai (croisi\u00e8re sur la Seine &#8211; nombre de places tr\u00e8s limit\u00e9)"},"content":{"rendered":"<p><span style=\"text-decoration: underline;\"><strong>Il reste moins de 5 places (tarif normal) disponibles. <\/strong><\/span><\/p>\n<p><span style=\"text-decoration: underline;\"><strong>Places au tarif doctorant.e \u00e9puis\u00e9es.<\/strong><\/span><\/p>\n<p>Le d\u00eener de gala est pr\u00e9vu le jeudi 30 mai au soir. Il se tiendra sur un bateau avec lequel nous partirons pour une croisi\u00e8re de deux heures sur la Seine. <strong>Merci d&#8217;indiquer toute restriction alimentaire au mail ci-dessous<\/strong>.<\/p>\n<p>Attention compte tenu des contraintes d\u2019organisation, toute r\u00e9servation est non annulable et non remboursable.<\/p>\n<p>R\u00e9servation possible dans la limite des places disponibles. Si le nombre de places est \u00e9puis\u00e9 pour le tarif souhait\u00e9, vous pouvez demander votre inscription sur la <strong>liste d&#8217;attente<\/strong> en contactant l&#8217;adresse ci-dessous.<\/p>\n<p class=\"p1\">En cas de difficult\u00e9 lors de l\u2019inscription, contacter :\u00a0<a href=\"mailto:fgabard@parisnanterre.fr\"><span class=\"s1\">fgabard@parisnanterre.fr<\/span><\/a>.<\/p>\n","protected":false},"excerpt":{"rendered":"<p><span style=\"text-decoration: underline;\"><strong>Il reste moins de 5 places (tarif normal) disponibles. <\/strong><\/span><span style=\"text-decoration: underline;\"><strong>Places au tarif doctorant.e \u00e9puis\u00e9es.<\/strong><\/span><\/p>\n<p>Attention compte tenu des contraintes d\u2019organisation, toute r\u00e9servation est non annulable et non remboursable.<\/p>\n<p>R\u00e9servation possible dans la limite des places disponibles. Si le nombre de places est \u00e9puis\u00e9 pour le tarif souhait\u00e9, vous pouvez demander votre inscription sur la <strong>liste d&#8217;attente<\/strong> en contactant l&#8217;adresse ci-dessous.<\/p>\n<p>En cas de difficult\u00e9 lors de l\u2019inscription, contacter :\u00a0<a href=\"mailto:fgabard@parisnanterre.fr\"><span class=\"s1\">fgabard@parisnanterre.fr<\/span><\/a>.<\/p>\n","protected":false},"featured_media":250,"template":"","meta":{"_kad_blocks_custom_css":"","_kad_blocks_head_custom_js":"","_kad_blocks_body_custom_js":"","_kad_blocks_footer_custom_js":"","_kad_post_transparent":"default","_kad_post_title":"","_kad_post_layout":"default","_kad_post_sidebar_id":"","_kad_post_content_style":"default","_kad_post_vertical_padding":"default","_kad_post_feature":"","_kad_post_feature_position":"","_kad_post_header":false,"_kad_post_footer":false},"product_cat":[24],"product_tag":[],"class_list":{"0":"post-767","1":"product","2":"type-product","3":"status-publish","4":"has-post-thumbnail","6":"product_cat-non-classe","8":"first","9":"instock","10":"sold-individually","11":"shipping-taxable","12":"purchasable","13":"product-type-variable","14":"entry","15":"content-bg","16":"loop-entry"},"taxonomy_info":{"product_cat":[{"value":24,"label":"Non class\u00e9"}]},"featured_image_src_large":["https:\/\/sfdi2024sport.parisnanterre.fr\/wp-content\/uploads\/2024\/02\/ferries-sailing-on-seine-in-paris-16823626-1024x683.jpg",400,267,true],"author_info":[],"comment_info":"","_links":{"self":[{"href":"https:\/\/sfdi2024sport.parisnanterre.fr\/index.php\/wp-json\/wp\/v2\/product\/767","targetHints":{"allow":["GET"]}}],"collection":[{"href":"https:\/\/sfdi2024sport.parisnanterre.fr\/index.php\/wp-json\/wp\/v2\/product"}],"about":[{"href":"https:\/\/sfdi2024sport.parisnanterre.fr\/index.php\/wp-json\/wp\/v2\/types\/product"}],"wp:featuredmedia":[{"embeddable":true,"href":"https:\/\/sfdi2024sport.parisnanterre.fr\/index.php\/wp-json\/wp\/v2\/media\/250"}],"wp:attachment":[{"href":"https:\/\/sfdi2024sport.parisnanterre.fr\/index.php\/wp-json\/wp\/v2\/media?parent=767"}],"wp:term":[{"taxonomy":"product_cat","embeddable":true,"href":"https:\/\/sfdi2024sport.parisnanterre.fr\/index.php\/wp-json\/wp\/v2\/product_cat?post=767"},{"taxonomy":"product_tag","embeddable":true,"href":"https:\/\/sfdi2024sport.parisnanterre.fr\/index.php\/wp-json\/wp\/v2\/product_tag?post=767"}],"curies":[{"name":"wp","href":"https:\/\/api.w.org\/{rel}","templated":true}]}}